{"id":78,"date":"2024-12-19T14:08:47","date_gmt":"2024-12-19T14:08:47","guid":{"rendered":"https:\/\/hopeful-mayer.213-202-212-218.plesk.page\/?page_id=78"},"modified":"2024-12-19T14:12:49","modified_gmt":"2024-12-19T14:12:49","slug":"sportarten","status":"publish","type":"page","link":"https:\/\/kai-hurych.de\/index.php\/sportarten\/","title":{"rendered":"Sportarten"},"content":{"rendered":"<style>.kb-row-layout-wrap.wp-block-kadence-rowlayout.kb-row-layout-id14_ebd116-3a{margin-top:0px;margin-bottom:0px;}.kb-row-layout-id14_ebd116-3a > .kt-row-column-wrap{align-content:start;}:where(.kb-row-layout-id14_ebd116-3a > .kt-row-column-wrap) > .wp-block-kadence-column{justify-content:start;}.kb-row-layout-id14_ebd116-3a > .kt-row-column-wrap{column-gap:var(--global-kb-gap-lg, 4rem);row-gap:var(--global-kb-gap-md, 2rem);max-width:780px;margin-left:auto;margin-right:auto;padding-top:var(--global-kb-spacing-4xl, 8rem);padding-right:0px;padding-bottom:var(--global-kb-spacing-4xl, 8rem);padding-left:0px;min-height:580px;grid-template-columns:minmax(0, 1fr);}.kb-row-layout-id14_ebd116-3a > .kt-row-layout-overlay{opacity:0.00;background-color:var(--global-palette9, #ffffff);}@media all and (max-width: 1024px){.kb-row-layout-id14_ebd116-3a > .kt-row-column-wrap{grid-template-columns:minmax(0, 1fr);}}@media all and (max-width: 767px){.kb-row-layout-id14_ebd116-3a > .kt-row-column-wrap{grid-template-columns:minmax(0, 1fr);}}<\/style><div class=\"kb-row-layout-wrap kb-row-layout-id14_ebd116-3a alignfull kt-row-has-bg wp-block-kadence-rowlayout\"><div class=\"kt-blocks-carousel kb-blocks-bg-slider kt-carousel-container-dotstyle-dark\"><div class=\"kt-blocks-carousel-init splide kb-blocks-bg-slider-init kt-carousel-arrowstyle-none kt-carousel-dotstyle-dark\" data-slider-anim-speed=\"400\" data-slider-type=\"slider\" data-slider-scroll=\"1\" data-slider-arrows=\"false\" data-slider-fade=\"true\" data-slider-dots=\"true\" data-slider-hover-pause=\"false\" data-slider-auto=\"true\" data-slider-speed=\"7000\" data-show-pause-button=\"false\"><div class=\"splide__track\"><ul class=\"splide__list\"><li class=\"splide__slide kb-bg-slide-contain\"><div  class=\"kb-bg-slide kb-bg-slide-0\" style=\"background-image:url(https:\/\/kai-hurych.de\/wp-content\/uploads\/2024\/12\/a745116fba164b3a21642e684414aa53_KaiHurychWurfErfurt.jpeg); background-size:cover; background-position:center center; background-repeat:no-repeat;\"><\/div><\/li><li class=\"splide__slide kb-bg-slide-contain\"><div  class=\"kb-bg-slide kb-bg-slide-1\" style=\"background-image:url(https:\/\/kai-hurych.de\/wp-content\/uploads\/2024\/12\/61f87c27f3d2de2758ef6e0acce3a3e4_2020SeltersLangenbrandHessenrekordWeltjahresbestleistung-e1734616841836.jpg); background-size:cover; background-position:center center; background-repeat:no-repeat;\"><\/div><\/li><li class=\"splide__slide kb-bg-slide-contain\"><div  class=\"kb-bg-slide kb-bg-slide-2\" style=\"background-image:url(https:\/\/kai-hurych.de\/wp-content\/uploads\/2024\/12\/d26ab89a887e4f41d4250939e0a70eb9_urkunde1.png); background-size:cover; background-position:center center; background-repeat:no-repeat;\"><\/div><\/li><\/ul><\/div><\/div><\/div><div class=\"kt-row-layout-overlay kt-row-overlay-normal\"><\/div><div class=\"kt-row-column-wrap kt-has-1-columns kt-row-layout-equal kt-tab-layout-inherit kt-mobile-layout-row kt-row-valign-top\">\n<style>.kadence-column14_1a1384-a1 > .kt-inside-inner-col{display:flex;}.kadence-column14_1a1384-a1 > .kt-inside-inner-col,.kadence-column14_1a1384-a1 > .kt-inside-inner-col:before{border-top-left-radius:2rem;border-top-right-radius:2rem;border-bottom-right-radius:2rem;border-bottom-left-radius:2rem;}.kadence-column14_1a1384-a1 > .kt-inside-inner-col{column-gap:var(--global-kb-gap-sm, 1rem);}.kadence-column14_1a1384-a1 > .kt-inside-inner-col{flex-direction:column;justify-content:flex-end;align-items:center;}.kadence-column14_1a1384-a1 > .kt-inside-inner-col > .kb-image-is-ratio-size{align-self:stretch;}.kadence-column14_1a1384-a1 > .kt-inside-inner-col > .wp-block-kadence-advancedgallery{align-self:stretch;}.kadence-column14_1a1384-a1 > .kt-inside-inner-col > .aligncenter{width:100%;}.kt-row-column-wrap > .kadence-column14_1a1384-a1{align-self:flex-end;}.kt-inner-column-height-full:not(.kt-has-1-columns) > .wp-block-kadence-column.kadence-column14_1a1384-a1{align-self:auto;}.kt-inner-column-height-full:not(.kt-has-1-columns) > .wp-block-kadence-column.kadence-column14_1a1384-a1 > .kt-inside-inner-col{flex-direction:column;justify-content:flex-end;}.kadence-column14_1a1384-a1 > .kt-inside-inner-col{background-color:rgba(0, 0, 0, 0.16);}.kadence-column14_1a1384-a1{text-align:center;}.kadence-column14_1a1384-a1{position:relative;}@media all and (max-width: 1024px){.kt-row-column-wrap > .kadence-column14_1a1384-a1{align-self:flex-end;}}@media all and (max-width: 1024px){.kt-inner-column-height-full:not(.kt-has-1-columns) > .wp-block-kadence-column.kadence-column14_1a1384-a1{align-self:auto;}}@media all and (max-width: 1024px){.kt-inner-column-height-full:not(.kt-has-1-columns) > .wp-block-kadence-column.kadence-column14_1a1384-a1 > .kt-inside-inner-col{flex-direction:column;justify-content:flex-end;}}@media all and (max-width: 1024px){.kadence-column14_1a1384-a1 > .kt-inside-inner-col{flex-direction:column;justify-content:flex-end;align-items:center;}}@media all and (max-width: 767px){.kt-row-column-wrap > .kadence-column14_1a1384-a1{align-self:flex-end;}.kt-inner-column-height-full:not(.kt-has-1-columns) > .wp-block-kadence-column.kadence-column14_1a1384-a1{align-self:auto;}.kt-inner-column-height-full:not(.kt-has-1-columns) > .wp-block-kadence-column.kadence-column14_1a1384-a1 > .kt-inside-inner-col{flex-direction:column;justify-content:flex-end;}.kadence-column14_1a1384-a1 > .kt-inside-inner-col{flex-direction:column;justify-content:flex-end;align-items:center;}}.kadence-column14_1a1384-a1 {  }<\/style>\n<div class=\"wp-block-kadence-column kadence-column14_1a1384-a1 kb-section-dir-vertical\"><div class=\"kt-inside-inner-col\"><style>.wp-block-kadence-advancedheading.kt-adv-heading14_806656-8d, .wp-block-kadence-advancedheading.kt-adv-heading14_806656-8d[data-kb-block=\"kb-adv-heading14_806656-8d\"]{padding-top:0px;margin-top:var(--global-kb-spacing-sm, 1.5rem);text-align:center;font-size:var(--global-kb-font-size-xl, 3rem);line-height:1.2;font-style:normal;color:#ffffff;}.wp-block-kadence-advancedheading.kt-adv-heading14_806656-8d mark.kt-highlight, .wp-block-kadence-advancedheading.kt-adv-heading14_806656-8d[data-kb-block=\"kb-adv-heading14_806656-8d\"] mark.kt-highlight{font-style:normal;color:#f76a0c;-webkit-box-decoration-break:clone;box-decoration-break:clone;padding-top:0px;padding-right:0px;padding-bottom:0px;padding-left:0px;}.wp-block-kadence-advancedheading.kt-adv-heading14_806656-8d img.kb-inline-image, .wp-block-kadence-advancedheading.kt-adv-heading14_806656-8d[data-kb-block=\"kb-adv-heading14_806656-8d\"] img.kb-inline-image{width:150px;vertical-align:baseline;}<\/style>\n<h2 class=\"kt-adv-heading14_806656-8d wp-block-kadence-advancedheading\" data-kb-block=\"kb-adv-heading14_806656-8d\">KAI HURYCH<\/h2>\n\n\n<style>.wp-block-kadence-advancedheading.kt-adv-heading14_b8106d-11, .wp-block-kadence-advancedheading.kt-adv-heading14_b8106d-11[data-kb-block=\"kb-adv-heading14_b8106d-11\"]{font-style:normal;color:#ffffff;}.wp-block-kadence-advancedheading.kt-adv-heading14_b8106d-11 mark.kt-highlight, .wp-block-kadence-advancedheading.kt-adv-heading14_b8106d-11[data-kb-block=\"kb-adv-heading14_b8106d-11\"] mark.kt-highlight{font-style:normal;color:#f76a0c;-webkit-box-decoration-break:clone;box-decoration-break:clone;padding-top:0px;padding-right:0px;padding-bottom:0px;padding-left:0px;}.wp-block-kadence-advancedheading.kt-adv-heading14_b8106d-11 img.kb-inline-image, .wp-block-kadence-advancedheading.kt-adv-heading14_b8106d-11[data-kb-block=\"kb-adv-heading14_b8106d-11\"] img.kb-inline-image{width:150px;vertical-align:baseline;}<\/style>\n<p class=\"kt-adv-heading14_b8106d-11 wp-block-kadence-advancedheading\" data-kb-block=\"kb-adv-heading14_b8106d-11\">6-facher Deutscher Meister Hammerwurf Leichtathletik<br>Mehrfacher deutscher und hessischer Rekordhalter<\/p>\n\n\n<style>.wp-block-kadence-spacer.kt-block-spacer-14_c3a75d-80 .kt-block-spacer{height:20px;}.wp-block-kadence-spacer.kt-block-spacer-14_c3a75d-80 .kt-divider{border-top-width:1px;height:1px;border-top-color:#eee;width:80%;border-top-style:solid;}<\/style>\n<div class=\"wp-block-kadence-spacer aligncenter kt-block-spacer-14_c3a75d-80\"><div class=\"kt-block-spacer kt-block-spacer-halign-center\"><\/div><\/div>\n<\/div><\/div>\n\n<\/div><\/div>\n\n<style>.wp-block-kadence-advancedheading.kt-adv-heading78_b31fc8-d9, .wp-block-kadence-advancedheading.kt-adv-heading78_b31fc8-d9[data-kb-block=\"kb-adv-heading78_b31fc8-d9\"]{font-style:normal;}.wp-block-kadence-advancedheading.kt-adv-heading78_b31fc8-d9 mark.kt-highlight, .wp-block-kadence-advancedheading.kt-adv-heading78_b31fc8-d9[data-kb-block=\"kb-adv-heading78_b31fc8-d9\"] mark.kt-highlight{font-style:normal;color:#f76a0c;-webkit-box-decoration-break:clone;box-decoration-break:clone;padding-top:0px;padding-right:0px;padding-bottom:0px;padding-left:0px;}.wp-block-kadence-advancedheading.kt-adv-heading78_b31fc8-d9 img.kb-inline-image, .wp-block-kadence-advancedheading.kt-adv-heading78_b31fc8-d9[data-kb-block=\"kb-adv-heading78_b31fc8-d9\"] img.kb-inline-image{width:150px;vertical-align:baseline;}<\/style>\n<h2 class=\"kt-adv-heading78_b31fc8-d9 wp-block-kadence-advancedheading\" data-kb-block=\"kb-adv-heading78_b31fc8-d9\"><strong>Rasenkraftsport<\/strong><\/h2>\n\n\n\n<p>Rasenkraftsport ist eine Sportart, die ihre Urspr\u00fcnge im Turnen, in der Schwerathletik und in der Leichtathletik hat. Diese drei Elemente, die auf dem Rasen (Sportplatz) ausge\u00fcbt werden, pr\u00e4gten auch den Namen: Rasenkraftsport.<\/p>\n\n\n\n<p>Beim Rasenkraftsport werden Schnelligkeit, Kraft und Bewegung in Weite umgesetzt. Der Rasenkraftsport wird in verschiedenen Gewichtsklassen ausgetragen. Vor jedem Wettkampf wird der Athlet gewogen, wobei das festgestellte Gewicht beim Wiegevorgang ausschlaggebend f\u00fcr den weiteren Wettkampf ist. Vom Leichtgewicht \u00fcber Mittelgewicht bis hin zum Schwergewicht, messen sich die Athleten in den verschiedenen Altersklassen, welche der Leichtathletik angepasst sind.<\/p>\n\n\n\n<p>Meisterschaften im Rasenkraftsport werden von Sch\u00fclern und Jugendlichen ab der C-Sch\u00fcler (ab dem 10. Lebensjahr) ausgetragen. Da hier nicht nur eine Wertung in den verschiedenen Alters -und Geschlechtsklassen erfolgt, sondern auch das gewogene Gewicht des Athleten am Wettkampftag entscheidend ist, wird die einzelne Leistung des Athleten noch gerechter bewertet.<\/p>\n\n\n<style>.wp-block-kadence-advancedheading.kt-adv-heading78_8e9988-1f, .wp-block-kadence-advancedheading.kt-adv-heading78_8e9988-1f[data-kb-block=\"kb-adv-heading78_8e9988-1f\"]{font-style:normal;}.wp-block-kadence-advancedheading.kt-adv-heading78_8e9988-1f mark.kt-highlight, .wp-block-kadence-advancedheading.kt-adv-heading78_8e9988-1f[data-kb-block=\"kb-adv-heading78_8e9988-1f\"] mark.kt-highlight{font-style:normal;color:#f76a0c;-webkit-box-decoration-break:clone;box-decoration-break:clone;padding-top:0px;padding-right:0px;padding-bottom:0px;padding-left:0px;}.wp-block-kadence-advancedheading.kt-adv-heading78_8e9988-1f img.kb-inline-image, .wp-block-kadence-advancedheading.kt-adv-heading78_8e9988-1f[data-kb-block=\"kb-adv-heading78_8e9988-1f\"] img.kb-inline-image{width:150px;vertical-align:baseline;}<\/style>\n<h2 class=\"kt-adv-heading78_8e9988-1f wp-block-kadence-advancedheading\" data-kb-block=\"kb-adv-heading78_8e9988-1f\"><strong><strong>Hammerwerfen<\/strong><\/strong><\/h2>\n\n\n\n<p>Der Hammerwurf ist eine olympische Sportart, wird somit auch in der Leichtathletik durchgef\u00fchrt, und erfolgt aus einem Wurfkreis. Ein Hammer besteht aus einer Kugel, an der ein Draht und Griff zum Halten angebracht sind. Der Wurf beginnt mit einer Anschwungphase kreisend \u00fcber dem Kopf. Darauf folgen die Drehungen, welche unter den Athleten zwischen null und vier Drehungen variieren. Nach der Beschleunigung des Hammers wird dieser aus dem Wurfk\u00e4fig in den Wurfsektor geworfen, wo die Weite dann gemessen wird.<\/p>\n\n\n\n<p>Ein Versuch ist dann g\u00fcltig, wenn die Kugel des Hammers vollst\u00e4ndig zwischen den beiden Sektorlinien einschl\u00e4gt und der Werfer den Wurfring, welcher einen Durchmesser von 2,135 Meter hat, nach dem Aufkommen des Hammers hinter der wei\u00dfen Linie, welche sich in der Mitte des Kreises befindet, verl\u00e4sst. Der Werfer darf w\u00e4hrend des Versuchs die Fl\u00e4che au\u00dferhalb des Wurfkreises nicht ber\u00fchren.<\/p>\n\n\n\n<p>Die Gewichte der H\u00e4mmer variieren zwischen 2 kg und 7,26 kg, haben eine L\u00e4nge von ca. 120 cm, wobei beide Gr\u00f6\u00dfen vom Alter abh\u00e4ngen.<\/p>\n\n\n<style>.wp-block-kadence-advancedheading.kt-adv-heading78_de5815-36, .wp-block-kadence-advancedheading.kt-adv-heading78_de5815-36[data-kb-block=\"kb-adv-heading78_de5815-36\"]{font-style:normal;}.wp-block-kadence-advancedheading.kt-adv-heading78_de5815-36 mark.kt-highlight, .wp-block-kadence-advancedheading.kt-adv-heading78_de5815-36[data-kb-block=\"kb-adv-heading78_de5815-36\"] mark.kt-highlight{font-style:normal;color:#f76a0c;-webkit-box-decoration-break:clone;box-decoration-break:clone;padding-top:0px;padding-right:0px;padding-bottom:0px;padding-left:0px;}.wp-block-kadence-advancedheading.kt-adv-heading78_de5815-36 img.kb-inline-image, .wp-block-kadence-advancedheading.kt-adv-heading78_de5815-36[data-kb-block=\"kb-adv-heading78_de5815-36\"] img.kb-inline-image{width:150px;vertical-align:baseline;}<\/style>\n<h2 class=\"kt-adv-heading78_de5815-36 wp-block-kadence-advancedheading\" data-kb-block=\"kb-adv-heading78_de5815-36\"><strong><strong><strong>Gewichtwerfen<\/strong><\/strong><\/strong><\/h2>\n\n\n\n<p>Das Gewichtwerfen beinhaltet den gleichen Ablauf wie der Hammerwurf. Der Unterschied bei dieser Disziplin ist das Wurfger\u00e4t. Zwar besteht auch das Gewicht aus einer Kugel und einem Griff, jedoch sind diese beiden nicht durch einen Draht, sondern durch eine 50 cm lange Kette verbunden. Ein weiterer Unterschied zum Hammerwerfen ist das Gewicht: Zwar wiegt das leichteste Gewicht 3 kg, das schwerste jedoch 12,5 kg. Auch dies ist an das Alter des Athleten angepasst.<\/p>\n\n\n<style>.wp-block-kadence-advancedheading.kt-adv-heading78_1757ed-eb, .wp-block-kadence-advancedheading.kt-adv-heading78_1757ed-eb[data-kb-block=\"kb-adv-heading78_1757ed-eb\"]{font-style:normal;}.wp-block-kadence-advancedheading.kt-adv-heading78_1757ed-eb mark.kt-highlight, .wp-block-kadence-advancedheading.kt-adv-heading78_1757ed-eb[data-kb-block=\"kb-adv-heading78_1757ed-eb\"] mark.kt-highlight{font-style:normal;color:#f76a0c;-webkit-box-decoration-break:clone;box-decoration-break:clone;padding-top:0px;padding-right:0px;padding-bottom:0px;padding-left:0px;}.wp-block-kadence-advancedheading.kt-adv-heading78_1757ed-eb img.kb-inline-image, .wp-block-kadence-advancedheading.kt-adv-heading78_1757ed-eb[data-kb-block=\"kb-adv-heading78_1757ed-eb\"] img.kb-inline-image{width:150px;vertical-align:baseline;}<\/style>\n<h2 class=\"kt-adv-heading78_1757ed-eb wp-block-kadence-advancedheading\" data-kb-block=\"kb-adv-heading78_1757ed-eb\"><strong><strong><strong><strong>Steinsto\u00dfen<\/strong><\/strong><\/strong><\/strong><\/h2>\n\n\n\n<p>Das Steinsto\u00dfen erfolgt im Gegenteil zum Hammerwerfen und Gewichtwerfen auf einer Anlaufbahn. Hier l\u00e4uft der Athlet auf beliebiger Streckenl\u00e4nge an und st\u00f6\u00dft den Stein am Ende der Bahn vor einem vier Meter breiten Balken in die Grube. Der Sto\u00df \u00e4hnelt hierbei dem Kugelsto\u00dfen, der Anlauf dem Speerwurf.<\/p>\n\n\n\n<p>Ein Versuch ist dann g\u00fcltig, wenn der Stein vom Athlet gesto\u00dfen wurde, in der vier Meter breiten Grube landet und der Athlet vor dem Balken zum Stehen kommt, also nicht dr\u00fcber l\u00e4uft, und die Anlaufbahn nach dem Aufkommen des Steins hinter den wei\u00dfen Linien am Rand verl\u00e4sst.<\/p>\n\n\n\n<p>Die Schwere der Steine variiert im Bereich von 3 kg bis 15 kg. Zudem sind die Steine anders als die Kugel beim Kugelsto\u00dfen quaderf\u00f6rmig.<\/p>\n\n\n\n<figure class=\"wp-block-gallery has-nested-images columns-default is-cropped wp-block-gallery-1 is-layout-flex wp-block-gallery-is-layout-flex\">\n<figure class=\"wp-block-image size-large has-custom-border is-style-default\"><img loading=\"lazy\" decoding=\"async\" width=\"1024\" height=\"1024\" data-id=\"79\" src=\"https:\/\/kai-hurych.de\/wp-content\/uploads\/2024\/12\/Herunterladen-1-1024x1024.jpg\" alt=\"\" class=\"wp-image-79\" style=\"border-radius:2rem\" srcset=\"https:\/\/kai-hurych.de\/wp-content\/uploads\/2024\/12\/Herunterladen-1-1024x1024.jpg 1024w, https:\/\/kai-hurych.de\/wp-content\/uploads\/2024\/12\/Herunterladen-1-300x300.jpg 300w, https:\/\/kai-hurych.de\/wp-content\/uploads\/2024\/12\/Herunterladen-1-150x150.jpg 150w, https:\/\/kai-hurych.de\/wp-content\/uploads\/2024\/12\/Herunterladen-1-768x768.jpg 768w, https:\/\/kai-hurych.de\/wp-content\/uploads\/2024\/12\/Herunterladen-1.jpg 1080w\" sizes=\"auto, (max-width: 1024px) 100vw, 1024px\" \/><\/figure>\n\n\n\n<figure class=\"wp-block-image size-large has-custom-border\"><img loading=\"lazy\" decoding=\"async\" width=\"1024\" height=\"1024\" data-id=\"81\" src=\"https:\/\/kai-hurych.de\/wp-content\/uploads\/2024\/12\/Herunterladen-2-1024x1024.jpg\" alt=\"\" class=\"wp-image-81\" style=\"border-radius:2rem\" srcset=\"https:\/\/kai-hurych.de\/wp-content\/uploads\/2024\/12\/Herunterladen-2-1024x1024.jpg 1024w, https:\/\/kai-hurych.de\/wp-content\/uploads\/2024\/12\/Herunterladen-2-300x300.jpg 300w, https:\/\/kai-hurych.de\/wp-content\/uploads\/2024\/12\/Herunterladen-2-150x150.jpg 150w, https:\/\/kai-hurych.de\/wp-content\/uploads\/2024\/12\/Herunterladen-2-768x768.jpg 768w, https:\/\/kai-hurych.de\/wp-content\/uploads\/2024\/12\/Herunterladen-2.jpg 1080w\" sizes=\"auto, (max-width: 1024px) 100vw, 1024px\" \/><\/figure>\n\n\n\n<figure class=\"wp-block-image size-large has-custom-border\"><img loading=\"lazy\" decoding=\"async\" width=\"909\" height=\"493\" data-id=\"80\" src=\"https:\/\/kai-hurych.de\/wp-content\/uploads\/2024\/12\/Herunterladen.jpg\" alt=\"\" class=\"wp-image-80\" style=\"border-radius:2rem\" srcset=\"https:\/\/kai-hurych.de\/wp-content\/uploads\/2024\/12\/Herunterladen.jpg 909w, https:\/\/kai-hurych.de\/wp-content\/uploads\/2024\/12\/Herunterladen-300x163.jpg 300w, https:\/\/kai-hurych.de\/wp-content\/uploads\/2024\/12\/Herunterladen-768x417.jpg 768w\" sizes=\"auto, (max-width: 909px) 100vw, 909px\" \/><\/figure>\n<\/figure>\n","protected":false},"excerpt":{"rendered":"<p>Rasenkraftsport Rasenkraftsport ist eine Sportart, die ihre Urspr\u00fcnge im Turnen, in der Schwerathletik und in der Leichtathletik hat. Diese drei Elemente, die auf dem Rasen (Sportplatz) ausge\u00fcbt werden, pr\u00e4gten auch den Namen: Rasenkraftsport. Beim Rasenkraftsport werden Schnelligkeit, Kraft und Bewegung in Weite umgesetzt. Der Rasenkraftsport wird in verschiedenen Gewichtsklassen ausgetragen. Vor jedem Wettkampf wird der&#8230;<\/p>\n","protected":false},"author":1,"featured_media":0,"parent":0,"menu_order":0,"comment_status":"closed","ping_status":"closed","template":"","meta":{"_kad_blocks_custom_css":"","_kad_blocks_head_custom_js":"","_kad_blocks_body_custom_js":"","_kad_blocks_footer_custom_js":"","_kadence_starter_templates_imported_post":false,"_kad_post_transparent":"","_kad_post_title":"","_kad_post_layout":"","_kad_post_sidebar_id":"","_kad_post_content_style":"","_kad_post_vertical_padding":"","_kad_post_feature":"","_kad_post_feature_position":"","_kad_post_header":false,"_kad_post_footer":false,"_kad_post_classname":"","footnotes":""},"class_list":["post-78","page","type-page","status-publish","hentry"],"taxonomy_info":[],"featured_image_src_large":false,"author_info":{"display_name":"admin","author_link":"https:\/\/kai-hurych.de\/index.php\/author\/chrisse\/"},"comment_info":0,"_links":{"self":[{"href":"https:\/\/kai-hurych.de\/index.php\/wp-json\/wp\/v2\/pages\/78","targetHints":{"allow":["GET"]}}],"collection":[{"href":"https:\/\/kai-hurych.de\/index.php\/wp-json\/wp\/v2\/pages"}],"about":[{"href":"https:\/\/kai-hurych.de\/index.php\/wp-json\/wp\/v2\/types\/page"}],"author":[{"embeddable":true,"href":"https:\/\/kai-hurych.de\/index.php\/wp-json\/wp\/v2\/users\/1"}],"replies":[{"embeddable":true,"href":"https:\/\/kai-hurych.de\/index.php\/wp-json\/wp\/v2\/comments?post=78"}],"version-history":[{"count":2,"href":"https:\/\/kai-hurych.de\/index.php\/wp-json\/wp\/v2\/pages\/78\/revisions"}],"predecessor-version":[{"id":86,"href":"https:\/\/kai-hurych.de\/index.php\/wp-json\/wp\/v2\/pages\/78\/revisions\/86"}],"wp:attachment":[{"href":"https:\/\/kai-hurych.de\/index.php\/wp-json\/wp\/v2\/media?parent=78"}],"curies":[{"name":"wp","href":"https:\/\/api.w.org\/{rel}","templated":true}]}}